{"id":572,"date":"2021-12-12T06:33:00","date_gmt":"2021-12-12T05:33:00","guid":{"rendered":"http:\/\/xn--ernhrung-schmid-2kb.de\/?page_id=572"},"modified":"2025-08-27T19:22:27","modified_gmt":"2025-08-27T17:22:27","slug":"home","status":"publish","type":"page","link":"https:\/\/xn--ernhrung-schmid-2kb.de\/","title":{"rendered":"Start"},"content":{"rendered":"\n<div class=\"wp-block-columns is-layout-flex wp-container-core-columns-is-layout-28f84493 wp-block-columns-is-layout-flex\">\n<div class=\"wp-block-column is-layout-flow wp-block-column-is-layout-flow\" style=\"flex-basis:66.66%\">\n<figure class=\"wp-block-image size-large\"><img loading=\"lazy\" decoding=\"async\" width=\"1024\" height=\"683\" src=\"https:\/\/xn--ernhrung-schmid-2kb.de\/wp-content\/uploads\/2025\/08\/BFE25806-4431-45B9-B6F1-22FD9650B6AB-1-1024x683.png\" alt=\"\" class=\"wp-image-928\" srcset=\"https:\/\/xn--ernhrung-schmid-2kb.de\/wp-content\/uploads\/2025\/08\/BFE25806-4431-45B9-B6F1-22FD9650B6AB-1-1024x683.png 1024w, https:\/\/xn--ernhrung-schmid-2kb.de\/wp-content\/uploads\/2025\/08\/BFE25806-4431-45B9-B6F1-22FD9650B6AB-1-300x200.png 300w, https:\/\/xn--ernhrung-schmid-2kb.de\/wp-content\/uploads\/2025\/08\/BFE25806-4431-45B9-B6F1-22FD9650B6AB-1-768x512.png 768w, https:\/\/xn--ernhrung-schmid-2kb.de\/wp-content\/uploads\/2025\/08\/BFE25806-4431-45B9-B6F1-22FD9650B6AB-1.png 1536w\" sizes=\"auto, (max-width: 1024px) 100vw, 1024px\" \/><\/figure>\n<\/div>\n\n\n\n<div class=\"wp-block-column is-layout-flow wp-block-column-is-layout-flow\" style=\"flex-basis:33.33%\">\n<figure class=\"wp-block-image size-full is-resized has-custom-border is-style-default\" style=\"margin-top:0;margin-bottom:0\"><img loading=\"lazy\" decoding=\"async\" width=\"368\" height=\"342\" src=\"https:\/\/xn--ernhrung-schmid-2kb.de\/wp-content\/uploads\/2025\/08\/Firmen-Logo.jpg\" alt=\"\" class=\"wp-image-912\" style=\"border-style:none;border-width:0px;border-radius:18px;width:231px;height:auto\" srcset=\"https:\/\/xn--ernhrung-schmid-2kb.de\/wp-content\/uploads\/2025\/08\/Firmen-Logo.jpg 368w, https:\/\/xn--ernhrung-schmid-2kb.de\/wp-content\/uploads\/2025\/08\/Firmen-Logo-300x279.jpg 300w\" sizes=\"auto, (max-width: 368px) 100vw, 368px\" \/><\/figure>\n\n\n\n<p>Sabine Possekel-Schmid<\/p>\n\n\n\n<ul class=\"wp-block-list\">\n<li>staatl. gepr\u00fcfte Di\u00e4tassistentin<\/li>\n\n\n\n<li>Diabetesassistentin DDG<\/li>\n\n\n\n<li>Ern\u00e4hrungspsychologin (HS Fulda)<\/li>\n\n\n\n<li>Adipositastherapie VDD<\/li>\n\n\n\n<li>VDD und VDBD Fortbildungszertifikat <\/li>\n<\/ul>\n<\/div>\n<\/div>\n\n\n\n<div class=\"inherit-container-width wp-block-group alignfull has-ast-global-color-5-background-color has-u-002-du-002-dast-global-color-5-background-color has-background is-layout-constrained wp-block-group-is-layout-constrained\"><div class=\"wp-block-group__inner-container\">\n<p class=\"has-text-align-center has-x-large-font-size\"><strong><mark style=\"background-color:rgba(0, 0, 0, 0)\" class=\"has-inline-color has-ast-global-color-1-color\">Pers\u00f6nlich &#8211; Qualifiziert &#8211; Realistisch<\/mark><\/strong><\/p>\n\n\n\n<p>Eine ausgewogene Ern\u00e4hrung ist die Grundlage f\u00fcr Gesundheit, Leistungsf\u00e4higkeit und Lebensqualit\u00e4t. Doch oft f\u00e4llt es im Alltag schwer, den \u00dcberblick zwischen Empfehlungen, Di\u00e4ten und eigenen Bed\u00fcrfnissen zu behalten. Hier setzt meine Arbeit an. Mit fachlicher Kompetenz und pers\u00f6nlicher Begleitung unterst\u00fctze ich Sie dabei, Ihren individuellen Weg zu einer auf Sie passenden Ern\u00e4hrung zu finden. Sowohl zur Vorsorge, um Krankheiten zu verhindern bzw. meine Lebenssituation zu optimieren z.B. in der Schwangerschaft, im Sport oder zur Leistungssteigerung im Job&#8230; Hierbei begleite ich Sie gerne mit einer Ern\u00e4hrungsberatung. Gerne unterst\u00fctze ich Sie auch bei ern\u00e4hrungsbedingten Erkrankungen wie z.B. Adipositas, Diabetes,&#8230; mit einer Ern\u00e4hrungstherapie. Mein Angebot reicht von Einzelberatungen \u00fcber Gruppenangebote bis hin zum individuellen Workshop im Betrieb. Gerne k\u00f6nnen Sie ein unverbindliches Erstgespr\u00e4ch mit mir vereinbaren. Melden Sie sich hierf\u00fcr \u00fcber das Kontaktformular oder direkt per Mail. <\/p>\n<\/div><\/div>\n\n\n\n<div class=\"inherit-container-width wp-block-group alignwide is-layout-constrained wp-block-group-is-layout-constrained\"><div class=\"wp-block-group__inner-container\">\n<h2 class=\"wp-block-heading has-text-align-center\">Mein Angebot<\/h2>\n\n\n\n<div class=\"wp-block-columns is-layout-flex wp-container-core-columns-is-layout-28f84493 wp-block-columns-is-layout-flex\">\n<div class=\"wp-block-column is-layout-flow wp-block-column-is-layout-flow\">\n<hr class=\"wp-block-separator has-text-color has-u-002-du-002-dast-global-color-0-color has-css-opacity has-u-002-du-002-dast-global-color-0-background-color has-background aligncenter has-ast-global-color-0-background-color has-ast-global-color-0-color\"\/>\n\n\n\n<h4 class=\"wp-block-heading has-text-align-center\"><strong>Ern\u00e4hrungstherapie<\/strong><\/h4>\n\n\n\n<p>Eine qualifizierte Ern\u00e4hrungstherapie richtet sich an Erkrankte und er\u00adfolgt in enger Kooperation mit dem behan\u00addelnden Arzt. Sie wird zur&nbsp;Be\u00adhand\u00adlung er\u00adn\u00e4h\u00adrungs\u00ad\u00adbedingter Er\u00adkran\u00adkungen oder bei krank\u00adheits\u00adbedingten Ern\u00e4h\u00adrungs\u00adpro\u00adblemen&nbsp;eingesetzt. Im ge\u00admein\u00adsamen Gespr\u00e4ch erhalten Sie Hilfe\u00adstellungen, die Ihre Bed\u00fcrfnisse ber\u00fcck\u00adsichtigen und sich&nbsp;an Ihrer Lebens\u00adsituation orientieren. Au\u00dfer\u00addem sehen wir uns die patho\u00adphysio\u00adlogischen Zusammen\u00adh\u00e4nge an, damit Sie den Hinter\u00adgrund Ihrer Erkran\u00adkung und der besprochenen Ma\u00df\u00ad\u00adnahmen verstehen.<\/p>\n\n\n\n<p class=\"has-medium-font-size\"><strong>Meine Schwerpunkte: <\/strong>Adipositas, vor-und nach Adipositas-chirurgischen Eingriffen, Hypertonie, Diabetes mellitus, Hyperurik\u00e4mie\/Gicht, Fettstoffwechselst\u00f6rungen wie z.B. Hypertriglycerid\u00e4mie oder Hypercholesterin\u00e4mie, Reizdarmsyndrom, Reflux, Allergien und Nahrungsmittelunvertr\u00e4glichkeiten, <\/p>\n\n\n\n<p><strong>Mit einer \u00e4rztlichen Notwenigkeitsbescheinigung und einem Kostenvoranschlag von mir haben Sie die M\u00f6glichkeit, die Kosten bei der Krankenkasse zu beantragen.<\/strong><\/p>\n\n\n\n<p class=\"has-small-font-size\">Quelle: Koordinierungskreis zur Qualit\u00e4tssicherung in der Ern\u00e4hrungsberatung und Ern\u00e4hrungsbildung (2019). Rahmenvereinbarung zur Qualit\u00e4tssicherung in der Ern\u00e4hrungsberatung und Ern\u00e4hrungsbildung in Deutschland in der Fassung vom 29.04.2019 erstmals ver\u00f6ffentlicht 12.04.2005.<\/p>\n<\/div>\n\n\n\n<div class=\"wp-block-column is-layout-flow wp-block-column-is-layout-flow\">\n<hr class=\"wp-block-separator has-text-color has-u-002-du-002-dast-global-color-0-color has-css-opacity has-u-002-du-002-dast-global-color-0-background-color has-background aligncenter has-ast-global-color-0-background-color has-ast-global-color-0-color\"\/>\n\n\n\n<h4 class=\"wp-block-heading has-text-align-center\"><strong>Ern\u00e4hrungsberatung<\/strong><\/h4>\n\n\n\n<p>Eine qualifizierte Ern\u00e4hrungsberatung rich\u00adtet sich an Gesunde. Im gemein\u00adsamen Gespr\u00e4ch erhalten Sie&nbsp;Hilfe\u00adstellungen, die Ihre Bed\u00fcrf\u00adnisse ber\u00fcck\u00adsichtigen und sich&nbsp;an Ihrer Lebens\u00adsituation orientieren. Zu\u00adsammen erar\u00adbeiten wir erforder\u00adliche Schritte zur Problem\u00adl\u00f6sung \u2013 ganz im Sinne der&nbsp;Hilfe zur Selbst\u00adhilfe.<br>In der Beratung werden auch Infor\u00admationen \u00fcber gesund\u00adheits\u00adf\u00f6rdernde Ern\u00e4hrung, Lebens\u00ad\u00adstil\u00ad, die&nbsp;Vermeidung von Risiko\u00adfak\u00adto\u00adren&nbsp;und Pr\u00e4\u00adven\u00ad\u00adtion von Er\u00adkrankungen ver\u00admittelt. Die Inhalte ba\u00adsieren auf aktuellen, wissen\u00adschaftlich gesicherten Erkenntnissen. <\/p>\n\n\n\n<p class=\"has-medium-font-size\"><strong>Meine Schwerpunkte: <\/strong>\u00dcbergewicht, Insulinresistenz, Ern\u00e4hrung im Alter, im Sport in der Schwangerschaft, im Berufsalltag, zur geistigen Leistungssteigerung, <\/p>\n\n\n\n<p class=\"has-text-align-center\">Hier besteht keine M\u00f6glichkeit, die Kosten bei der Krankenkasse zu beantragen.<\/p>\n\n\n\n<p class=\"has-small-font-size\">Quelle: Koordinierungskreis zur Qualit\u00e4tssicherung in der Ern\u00e4hrungsberatung und Ern\u00e4hrungsbildung (2019). Rahmenvereinbarung zur Qualit\u00e4tssicherung in der Ern\u00e4hrungsberatung und Ern\u00e4hrungsbildung in Deutschland in der Fassung vom 29.04.2019 erstmals ver\u00f6ffentlicht 12.04.2005<\/p>\n<\/div>\n<\/div>\n<\/div><\/div>\n\n\n\n<p><\/p>\n","protected":false},"excerpt":{"rendered":"<p>Sabine Possekel-Schmid Pers\u00f6nlich &#8211; Qualifiziert &#8211; Realistisch Eine ausgewogene Ern\u00e4hrung ist die Grundlage f\u00fcr Gesundheit, Leistungsf\u00e4higkeit und Lebensqualit\u00e4t. Doch oft f\u00e4llt es im Alltag schwer, den \u00dcberblick zwischen Empfehlungen, Di\u00e4ten und eigenen Bed\u00fcrfnissen zu behalten. Hier setzt meine Arbeit an. Mit fachlicher Kompetenz und pers\u00f6nlicher Begleitung unterst\u00fctze ich Sie dabei, Ihren individuellen Weg zu einer [&hellip;]<\/p>\n","protected":false},"author":1,"featured_media":769,"parent":0,"menu_order":0,"comment_status":"closed","ping_status":"closed","template":"","meta":{"_monsterinsights_skip_tracking":false,"_monsterinsights_sitenote_active":false,"_monsterinsights_sitenote_note":"","_monsterinsights_sitenote_category":0,"site-sidebar-layout":"no-sidebar","site-content-layout":"plain-container","ast-site-content-layout":"default","site-content-style":"default","site-sidebar-style":"default","ast-global-header-display":"","ast-banner-title-visibility":"","ast-main-header-display":"","ast-hfb-above-header-display":"","ast-hfb-below-header-display":"","ast-hfb-mobile-header-display":"","site-post-title":"disabled","ast-breadcrumbs-content":"disabled","ast-featured-img":"disabled","footer-sml-layout":"","ast-disable-related-posts":"","theme-transparent-header-meta":"enabled","adv-header-id-meta":"","stick-header-meta":"","header-above-stick-meta":"","header-main-stick-meta":"","header-below-stick-meta":"","astra-migrate-meta-layouts":"default","ast-page-background-enabled":"default","ast-page-background-meta":{"desktop":{"background-color":"","background-image":"","background-repeat":"repeat","background-position":"center center","background-size":"auto","background-attachment":"scroll","background-type":"","background-media":"","overlay-type":"","overlay-color":"","overlay-opacity":"","overlay-gradient":""},"tablet":{"background-color":"","background-image":"","background-repeat":"repeat","background-position":"center center","background-size":"auto","background-attachment":"scroll","background-type":"","background-media":"","overlay-type":"","overlay-color":"","overlay-opacity":"","overlay-gradient":""},"mobile":{"background-color":"","background-image":"","background-repeat":"repeat","background-position":"center center","background-size":"auto","background-attachment":"scroll","background-type":"","background-media":"","overlay-type":"","overlay-color":"","overlay-opacity":"","overlay-gradient":""}},"ast-content-background-meta":{"desktop":{"background-color":"var(--ast-global-color-5)","background-image":"","background-repeat":"repeat","background-position":"center center","background-size":"auto","background-attachment":"scroll","background-type":"","background-media":"","overlay-type":"","overlay-color":"","overlay-opacity":"","overlay-gradient":""},"tablet":{"background-color":"var(--ast-global-color-5)","background-image":"","background-repeat":"repeat","background-position":"center center","background-size":"auto","background-attachment":"scroll","background-type":"","background-media":"","overlay-type":"","overlay-color":"","overlay-opacity":"","overlay-gradient":""},"mobile":{"background-color":"var(--ast-global-color-5)","background-image":"","background-repeat":"repeat","background-position":"center center","background-size":"auto","background-attachment":"scroll","background-type":"","background-media":"","overlay-type":"","overlay-color":"","overlay-opacity":"","overlay-gradient":""}},"footnotes":""},"class_list":["post-572","page","type-page","status-publish","has-post-thumbnail","hentry"],"aioseo_notices":[],"_links":{"self":[{"href":"https:\/\/xn--ernhrung-schmid-2kb.de\/index.php?rest_route=\/wp\/v2\/pages\/572","targetHints":{"allow":["GET"]}}],"collection":[{"href":"https:\/\/xn--ernhrung-schmid-2kb.de\/index.php?rest_route=\/wp\/v2\/pages"}],"about":[{"href":"https:\/\/xn--ernhrung-schmid-2kb.de\/index.php?rest_route=\/wp\/v2\/types\/page"}],"author":[{"embeddable":true,"href":"https:\/\/xn--ernhrung-schmid-2kb.de\/index.php?rest_route=\/wp\/v2\/users\/1"}],"replies":[{"embeddable":true,"href":"https:\/\/xn--ernhrung-schmid-2kb.de\/index.php?rest_route=%2Fwp%2Fv2%2Fcomments&post=572"}],"version-history":[{"count":22,"href":"https:\/\/xn--ernhrung-schmid-2kb.de\/index.php?rest_route=\/wp\/v2\/pages\/572\/revisions"}],"predecessor-version":[{"id":930,"href":"https:\/\/xn--ernhrung-schmid-2kb.de\/index.php?rest_route=\/wp\/v2\/pages\/572\/revisions\/930"}],"wp:featuredmedia":[{"embeddable":true,"href":"https:\/\/xn--ernhrung-schmid-2kb.de\/index.php?rest_route=\/wp\/v2\/media\/769"}],"wp:attachment":[{"href":"https:\/\/xn--ernhrung-schmid-2kb.de\/index.php?rest_route=%2Fwp%2Fv2%2Fmedia&parent=572"}],"curies":[{"name":"wp","href":"https:\/\/api.w.org\/{rel}","templated":true}]}}