{"id":607,"date":"2022-06-18T08:38:00","date_gmt":"2022-06-18T06:38:00","guid":{"rendered":"http:\/\/xn--ernhrung-schmid-2kb.de\/?page_id=607"},"modified":"2026-04-12T19:03:28","modified_gmt":"2026-04-12T17:03:28","slug":"classes","status":"publish","type":"page","link":"https:\/\/xn--ernhrung-schmid-2kb.de\/?page_id=607","title":{"rendered":"Angebot"},"content":{"rendered":"\n<div class=\"inherit-container-width wp-block-group alignwide is-layout-constrained wp-block-group-is-layout-constrained\"><div class=\"wp-block-group__inner-container\">\n<h2 class=\"wp-block-heading has-text-align-center\">Mein Angebot<\/h2>\n\n\n\n<p>Ern\u00e4hrungsberatung und -therapie im Einzelgespr\u00e4ch<\/p>\n\n\n\n<p>Vortr\u00e4ge, Workshops und Aktionsst\u00e4nde im Unternehmen zur betrieblichen Gesundheitsf\u00f6rderung. Sprechen Sie mich gerne darauf an und wir finden eine Individuelle L\u00f6sung f\u00fcr Sie<\/p>\n\n\n\n<div class=\"wp-block-columns is-layout-flex wp-container-core-columns-is-layout-28f84493 wp-block-columns-is-layout-flex\">\n<div class=\"wp-block-column is-layout-flow wp-block-column-is-layout-flow\">\n<hr class=\"wp-block-separator has-text-color has-u-002-du-002-dast-global-color-0-color has-css-opacity has-u-002-du-002-dast-global-color-0-background-color has-background aligncenter has-ast-global-color-0-background-color has-ast-global-color-0-color\"\/>\n\n\n\n<h4 class=\"wp-block-heading has-text-align-center\">Ern\u00e4hrungstherapie<\/h4>\n\n\n\n<p>Eine qualifizierte Ern\u00e4hrungstherapie richtet sich an Erkrankte und er\u00adfolgt in enger Kooperation mit dem behan\u00addelnden Arzt. Sie wird zur&nbsp;Be\u00adhand\u00adlung er\u00adn\u00e4h\u00adrungs\u00ad\u00adbedingter Er\u00adkran\u00adkungen oder bei krank\u00adheits\u00adbedingten Ern\u00e4h\u00adrungs\u00adpro\u00adblemen&nbsp;eingesetzt. Im ge\u00admein\u00adsamen Gespr\u00e4ch erhalten Sie Hilfe\u00adstellungen, die Ihre Bed\u00fcrfnisse ber\u00fcck\u00adsichtigen und sich&nbsp;an Ihrer Lebens\u00adsituation orientieren. Au\u00dfer\u00addem sehen wir uns die patho\u00adphysio\u00adlogischen Zusammen\u00adh\u00e4nge an, damit Sie den Hinter\u00adgrund Ihrer Erkran\u00adkung und der besprochenen Ma\u00df\u00ad\u00adnahmen verstehen.<\/p>\n\n\n\n<p class=\"has-medium-font-size\"><strong>Meine Schwerpunkte: <\/strong>Adipositas, vor-und nach Adipositas-chirurgischen Eingriffen, Hypertonie, Diabetes mellitus, Hyperurik\u00e4mie\/Gicht, Fettstoffwechselst\u00f6rungen wie z.B. Hypertriglycerid\u00e4mie oder Hypercholesterin\u00e4mie, Reizdarmsyndrom, Reflux, Allergien und Nahrungsmittelunvertr\u00e4glichkeiten, <\/p>\n\n\n\n<p class=\"has-small-font-size\">Keine Ern\u00e4hrungstherapie zum Thema Essst\u00f6rung<\/p>\n\n\n\n<p><strong>Mit einer \u00e4rztlichen Notwenigkeitsbescheinigung und einem Kostenvoranschlag von mir haben Sie die M\u00f6glichkeit, die Kosten bei der Krankenkasse zu beantragen.<\/strong><\/p>\n\n\n\n<p>Quelle: Koordinierungskreis zur Qualit\u00e4tssicherung in der Ern\u00e4hrungsberatung und Ern\u00e4hrungsbildung (2019). Rahmenvereinbarung zur Qualit\u00e4tssicherung in der Ern\u00e4hrungsberatung und Ern\u00e4hrungsbildung in Deutschland in der Fassung vom 29.04.2019 erstmals ver\u00f6ffentlicht 12.04.2005.<\/p>\n<\/div>\n\n\n\n<div class=\"wp-block-column is-layout-flow wp-block-column-is-layout-flow\">\n<hr class=\"wp-block-separator has-text-color has-u-002-du-002-dast-global-color-0-color has-css-opacity has-u-002-du-002-dast-global-color-0-background-color has-background aligncenter has-ast-global-color-0-background-color has-ast-global-color-0-color\"\/>\n\n\n\n<h4 class=\"wp-block-heading has-text-align-center\">Ern\u00e4hrungsberatung<\/h4>\n\n\n\n<p class=\"has-text-align-center\">Eine qualifizierte Ern\u00e4hrungsberatung rich\u00adtet sich an Gesunde. Im gemein\u00adsamen Gespr\u00e4ch erhalten Sie&nbsp;Hilfe\u00adstellungen, die Ihre Bed\u00fcrf\u00adnisse ber\u00fcck\u00adsichtigen und sich&nbsp;an Ihrer Lebens\u00adsituation orientieren. Zu\u00adsammen erar\u00adbeiten wir erforder\u00adliche Schritte zur Problem\u00adl\u00f6sung \u2013 ganz im Sinne der&nbsp;Hilfe zur Selbst\u00adhilfe.<br>In der Beratung werden auch Infor\u00admationen \u00fcber gesund\u00adheits\u00adf\u00f6rdernde Ern\u00e4hrung, Lebens\u00ad\u00adstil\u00ad, die&nbsp;Vermeidung von Risiko\u00adfak\u00adto\u00adren&nbsp;und Pr\u00e4\u00adven\u00ad\u00adtion von Er\u00adkrankungen ver\u00admittelt. Die Inhalte ba\u00adsieren auf aktuellen, wissen\u00adschaftlich gesicherten Erkenntnissen.<\/p>\n\n\n\n<p class=\"has-medium-font-size\"><strong>Meine Schwerpunkte: <\/strong>\u00dcbergewicht, Insulinresistenz, Ern\u00e4hrung im Alter, im Sport in der Schwangerschaft, im Berufsalltag, zur geistigen Leistungssteigerung, <\/p>\n\n\n\n<p class=\"has-text-align-center\">Hier besteht keine M\u00f6glichkeit, die Kosten bei der Krankenkasse zu beantragen.<\/p>\n\n\n\n<p>Quelle: Koordinierungskreis zur Qualit\u00e4tssicherung in der Ern\u00e4hrungsberatung und Ern\u00e4hrungsbildung (2019). Rahmenvereinbarung zur Qualit\u00e4tssicherung in der Ern\u00e4hrungsberatung und Ern\u00e4hrungsbildung in Deutschland in der Fassung vom 29.04.2019 erstmals ver\u00f6ffentlicht 12.04.2005<\/p>\n<\/div>\n<\/div>\n<\/div><\/div>\n","protected":false},"excerpt":{"rendered":"<p>Mein Angebot Ern\u00e4hrungsberatung und -therapie im Einzelgespr\u00e4ch Vortr\u00e4ge, Workshops und Aktionsst\u00e4nde im Unternehmen zur betrieblichen Gesundheitsf\u00f6rderung. Sprechen Sie mich gerne darauf an und wir finden eine Individuelle L\u00f6sung f\u00fcr Sie Ern\u00e4hrungstherapie Eine qualifizierte Ern\u00e4hrungstherapie richtet sich an Erkrankte und er\u00adfolgt in enger Kooperation mit dem behan\u00addelnden Arzt. Sie wird zur&nbsp;Be\u00adhand\u00adlung er\u00adn\u00e4h\u00adrungs\u00ad\u00adbedingter Er\u00adkran\u00adkungen oder bei krank\u00adheits\u00adbedingten [&hellip;]<\/p>\n","protected":false},"author":1,"featured_media":0,"parent":0,"menu_order":0,"comment_status":"closed","ping_status":"closed","template":"","meta":{"_monsterinsights_skip_tracking":false,"_monsterinsights_sitenote_active":false,"_monsterinsights_sitenote_note":"","_monsterinsights_sitenote_category":0,"site-sidebar-layout":"no-sidebar","site-content-layout":"plain-container","ast-site-content-layout":"normal-width-container","site-content-style":"unboxed","site-sidebar-style":"unboxed","ast-global-header-display":"","ast-banner-title-visibility":"","ast-main-header-display":"","ast-hfb-above-header-display":"","ast-hfb-below-header-display":"","ast-hfb-mobile-header-display":"","site-post-title":"disabled","ast-breadcrumbs-content":"disabled","ast-featured-img":"disabled","footer-sml-layout":"","ast-disable-related-posts":"","theme-transparent-header-meta":"enabled","adv-header-id-meta":"","stick-header-meta":"","header-above-stick-meta":"","header-main-stick-meta":"","header-below-stick-meta":"","astra-migrate-meta-layouts":"set","ast-page-background-enabled":"default","ast-page-background-meta":{"desktop":{"background-color":"","background-image":"","background-repeat":"repeat","background-position":"center center","background-size":"auto","background-attachment":"scroll","background-type":"","background-media":"","overlay-type":"","overlay-color":"","overlay-opacity":"","overlay-gradient":""},"tablet":{"background-color":"","background-image":"","background-repeat":"repeat","background-position":"center center","background-size":"auto","background-attachment":"scroll","background-type":"","background-media":"","overlay-type":"","overlay-color":"","overlay-opacity":"","overlay-gradient":""},"mobile":{"background-color":"","background-image":"","background-repeat":"repeat","background-position":"center center","background-size":"auto","background-attachment":"scroll","background-type":"","background-media":"","overlay-type":"","overlay-color":"","overlay-opacity":"","overlay-gradient":""}},"ast-content-background-meta":{"desktop":{"background-color":"var(--ast-global-color-5)","background-image":"","background-repeat":"repeat","background-position":"center center","background-size":"auto","background-attachment":"scroll","background-type":"","background-media":"","overlay-type":"","overlay-color":"","overlay-opacity":"","overlay-gradient":""},"tablet":{"background-color":"var(--ast-global-color-5)","background-image":"","background-repeat":"repeat","background-position":"center center","background-size":"auto","background-attachment":"scroll","background-type":"","background-media":"","overlay-type":"","overlay-color":"","overlay-opacity":"","overlay-gradient":""},"mobile":{"background-color":"var(--ast-global-color-5)","background-image":"","background-repeat":"repeat","background-position":"center center","background-size":"auto","background-attachment":"scroll","background-type":"","background-media":"","overlay-type":"","overlay-color":"","overlay-opacity":"","overlay-gradient":""}},"footnotes":""},"class_list":["post-607","page","type-page","status-publish","hentry"],"aioseo_notices":[],"_links":{"self":[{"href":"https:\/\/xn--ernhrung-schmid-2kb.de\/index.php?rest_route=\/wp\/v2\/pages\/607","targetHints":{"allow":["GET"]}}],"collection":[{"href":"https:\/\/xn--ernhrung-schmid-2kb.de\/index.php?rest_route=\/wp\/v2\/pages"}],"about":[{"href":"https:\/\/xn--ernhrung-schmid-2kb.de\/index.php?rest_route=\/wp\/v2\/types\/page"}],"author":[{"embeddable":true,"href":"https:\/\/xn--ernhrung-schmid-2kb.de\/index.php?rest_route=\/wp\/v2\/users\/1"}],"replies":[{"embeddable":true,"href":"https:\/\/xn--ernhrung-schmid-2kb.de\/index.php?rest_route=%2Fwp%2Fv2%2Fcomments&post=607"}],"version-history":[{"count":7,"href":"https:\/\/xn--ernhrung-schmid-2kb.de\/index.php?rest_route=\/wp\/v2\/pages\/607\/revisions"}],"predecessor-version":[{"id":935,"href":"https:\/\/xn--ernhrung-schmid-2kb.de\/index.php?rest_route=\/wp\/v2\/pages\/607\/revisions\/935"}],"wp:attachment":[{"href":"https:\/\/xn--ernhrung-schmid-2kb.de\/index.php?rest_route=%2Fwp%2Fv2%2Fmedia&parent=607"}],"curies":[{"name":"wp","href":"https:\/\/api.w.org\/{rel}","templated":true}]}}