{"id":612,"date":"2021-06-18T08:59:00","date_gmt":"2021-06-18T08:59:00","guid":{"rendered":"http:\/\/xn--ernhrung-schmid-2kb.de\/?page_id=612"},"modified":"2025-08-27T19:27:08","modified_gmt":"2025-08-27T17:27:08","slug":"about","status":"publish","type":"page","link":"https:\/\/xn--ernhrung-schmid-2kb.de\/?page_id=612","title":{"rendered":"\u00dcber mich"},"content":{"rendered":"\n<div class=\"inherit-container-width wp-block-group alignfull has-ast-global-color-5-background-color has-u-002-du-002-dast-global-color-5-background-color has-background is-layout-constrained wp-block-group-is-layout-constrained\"><div class=\"wp-block-group__inner-container\">\n<div class=\"wp-block-columns is-layout-flex wp-container-core-columns-is-layout-28f84493 wp-block-columns-is-layout-flex\">\n<div class=\"wp-block-column is-layout-flow wp-block-column-is-layout-flow\" style=\"flex-basis:33.33%\">\n<figure class=\"wp-block-image aligncenter size-large is-resized is-style-rounded\"><img loading=\"lazy\" decoding=\"async\" width=\"683\" height=\"1024\" src=\"https:\/\/xn--ernhrung-schmid-2kb.de\/wp-content\/uploads\/2025\/08\/Foto-Sabine-2024-1-683x1024.jpg\" alt=\"\" class=\"wp-image-917\" style=\"aspect-ratio:0.66796875;width:231px;height:auto\" srcset=\"https:\/\/xn--ernhrung-schmid-2kb.de\/wp-content\/uploads\/2025\/08\/Foto-Sabine-2024-1-683x1024.jpg 683w, https:\/\/xn--ernhrung-schmid-2kb.de\/wp-content\/uploads\/2025\/08\/Foto-Sabine-2024-1-200x300.jpg 200w, https:\/\/xn--ernhrung-schmid-2kb.de\/wp-content\/uploads\/2025\/08\/Foto-Sabine-2024-1-768x1152.jpg 768w, https:\/\/xn--ernhrung-schmid-2kb.de\/wp-content\/uploads\/2025\/08\/Foto-Sabine-2024-1-1024x1536.jpg 1024w, https:\/\/xn--ernhrung-schmid-2kb.de\/wp-content\/uploads\/2025\/08\/Foto-Sabine-2024-1-1365x2048.jpg 1365w, https:\/\/xn--ernhrung-schmid-2kb.de\/wp-content\/uploads\/2025\/08\/Foto-Sabine-2024-1-scaled.jpg 1707w\" sizes=\"auto, (max-width: 683px) 100vw, 683px\" \/><\/figure>\n<\/div>\n\n\n\n<div class=\"wp-block-column is-layout-flow wp-block-column-is-layout-flow\" style=\"flex-basis:66.66%\">\n<p>                                                                                                                        <img loading=\"lazy\" decoding=\"async\" width=\"150\" height=\"139\" class=\"wp-image-912\" style=\"width: 150px;\" src=\"https:\/\/xn--ernhrung-schmid-2kb.de\/wp-content\/uploads\/2025\/08\/Firmen-Logo.jpg\" alt=\"\" srcset=\"https:\/\/xn--ernhrung-schmid-2kb.de\/wp-content\/uploads\/2025\/08\/Firmen-Logo.jpg 368w, https:\/\/xn--ernhrung-schmid-2kb.de\/wp-content\/uploads\/2025\/08\/Firmen-Logo-300x279.jpg 300w\" sizes=\"auto, (max-width: 150px) 100vw, 150px\" \/><\/p>\n\n\n\n<p>Ich bin Sabine Possekel-Schmid und mit mir bekommen sie eine Beratung die                                           <strong>pers\u00f6nlich, qualifiziert und realistisch<\/strong> umsetzbar ist.      <\/p>\n\n\n\n<p>                                                                                                    <\/p>\n<\/div>\n<\/div>\n\n\n\n<h2 class=\"wp-block-heading has-text-align-center has-normal-font-size\"><\/h2>\n\n\n\n<p><strong>Werdegang<\/strong>:<\/p>\n\n\n\n<p>Ausbildung als staatlich gepr\u00fcfte Di\u00e4tassistentin<\/p>\n\n\n\n<p>Angestellte T\u00e4tigkeit als Di\u00e4tassistentin in Kliniken des Landkreises L\u00f6rrach<\/p>\n\n\n\n<p>Angestellte T\u00e4tigkeit als Di\u00e4tassistentin in der Birkle-Klinik in \u00dcberlingen<\/p>\n\n\n\n<p>Leitende Di\u00e4tassistentin und Case Managerin im Referenzzentrum f\u00fcr Adipositas und metabolische Chirurgie in der WolfartKlinik M\u00fcnchen<\/p>\n\n\n\n<p>Ausbildung zur Diabetesassistentin bei der DDG<\/p>\n\n\n\n<p>Fernstudium an der Hochschule Fulda mit Zertifikat Ern\u00e4hrungspsychologie<\/p>\n\n\n\n<p>Telefonisches, ganzheitliches Gesundheitscoaching von chronisch Kranken wie z.B Diabetes mellitus Patienten beim Tochterunternehmen Europ Assistance der Generali Krankenversicherung<\/p>\n\n\n\n<p>Betriebliche Gesundheitsf\u00f6rderung im Unternehmen durch Aktionen, Workshops und Vortr\u00e4gen<\/p>\n\n\n\n<p>Gruppenschulung f\u00fcr Kinder und Jugendlichen mit Adipositas bei AdieuPositas in M\u00fcnchen<\/p>\n\n\n\n<p>Ern\u00e4hrungstherapeutische Einzelberatung sowie Schulworkshops und Kochkursen bei TheraTeam in M\u00fcnchen<\/p>\n\n\n\n<p><strong>Meine Qualifikationen:<\/strong>  <\/p>\n\n\n\n<figure class=\"wp-block-table\"><table class=\"has-fixed-layout\"><tbody><tr><td>staatl. gepr\u00fcfte Di\u00e4tassistentin                                                                                                                                                                                                                 Diabetesassistentin DDG                                                                                                                                                                                                                 Ern\u00e4hrungspsychologin (HS Fulda)                                                                                                                                                                                                                                    Fortbildungszertifikat VDD                                                                                                                                                                                                                                       Fortbildungszertifikat VDBD                                                                                                                                                                                                                                  Adipositastherapeutin VDD                                                                                                                                                                                                                               Fitnesstrainer B-Lizenz an der Akademie f\u00fcr Sport und Ern\u00e4hrung       <\/td><\/tr><\/tbody><\/table><\/figure>\n\n\n\n<p><strong>Weiterbildungen: <\/strong>                                                                                                                            <\/p>\n\n\n\n<figure class=\"wp-block-table\"><table class=\"has-fixed-layout\"><tbody><tr><td>Culinary medicin<br>Neurotrition- Geistige Leistungsf\u00e4higkeit und Ern\u00e4hrung<br>bariatrische und metabolische Chirurgie<br>Ausbildung zum Mikron\u00e4hrstoff-Experten<br>Darmtherapeutin<br>Diabetes mellitus Schulungsprogramme Medias 2 basis und Hypertonieschulung<br>Positive und Motivationspsychologie<br>Schlafcoaching<br>Systemische Kommunikation und Ressourcenmanagement<br>Coaching von schwer kranken Menschen<br>Managementcoaching<\/td><\/tr><\/tbody><\/table><\/figure>\n\n\n\n<p><strong>Kongressteilnahme<\/strong>:<\/p>\n\n\n\n<figure class=\"wp-block-table\"><table class=\"has-fixed-layout\"><tbody><tr><td>VDD Kongress (Verband Deutscher Di\u00e4tassistenten)<br>DDG Kongress (Deutsche Diabetes Gesellschaft)<br>VFED Kongress (Verband f\u00fcr Ern\u00e4hrung und Di\u00e4tetik)<br><\/td><\/tr><\/tbody><\/table><\/figure>\n\n\n\n<p><strong>Mitgliedschaften:<\/strong><\/p>\n\n\n\n<figure class=\"wp-block-table\"><table class=\"has-fixed-layout\"><tbody><tr><td>VDD (Verband Deutscher Di\u00e4tassistenten e.V.)<br>VFED (Verband f\u00fcr Ern\u00e4hrung und Di\u00e4tetik e.V.)<br>VDBD (Verband der Diabetes Beratungs- und Schulungsberufen in Deutschland e.V.)<br>FET (Fachgesellschaft f\u00fcr Ern\u00e4hrungstherapie und Pr\u00e4vention<br><\/td><\/tr><\/tbody><\/table><\/figure>\n\n\n\n<p><\/p>\n<\/div><\/div>\n","protected":false},"excerpt":{"rendered":"<p>Ich bin Sabine Possekel-Schmid und mit mir bekommen sie eine Beratung die pers\u00f6nlich, qualifiziert und realistisch umsetzbar ist. Werdegang: Ausbildung als staatlich gepr\u00fcfte Di\u00e4tassistentin Angestellte T\u00e4tigkeit als Di\u00e4tassistentin in Kliniken des Landkreises L\u00f6rrach Angestellte T\u00e4tigkeit als Di\u00e4tassistentin in der Birkle-Klinik in \u00dcberlingen Leitende Di\u00e4tassistentin und Case Managerin im Referenzzentrum f\u00fcr Adipositas und metabolische Chirurgie in [&hellip;]<\/p>\n","protected":false},"author":1,"featured_media":0,"parent":0,"menu_order":0,"comment_status":"closed","ping_status":"closed","template":"","meta":{"_monsterinsights_skip_tracking":false,"_monsterinsights_sitenote_active":false,"_monsterinsights_sitenote_note":"","_monsterinsights_sitenote_category":0,"site-sidebar-layout":"no-sidebar","site-content-layout":"plain-container","ast-site-content-layout":"default","site-content-style":"default","site-sidebar-style":"default","ast-global-header-display":"","ast-banner-title-visibility":"","ast-main-header-display":"","ast-hfb-above-header-display":"","ast-hfb-below-header-display":"","ast-hfb-mobile-header-display":"","site-post-title":"disabled","ast-breadcrumbs-content":"disabled","ast-featured-img":"disabled","footer-sml-layout":"","ast-disable-related-posts":"","theme-transparent-header-meta":"enabled","adv-header-id-meta":"","stick-header-meta":"","header-above-stick-meta":"","header-main-stick-meta":"","header-below-stick-meta":"","astra-migrate-meta-layouts":"default","ast-page-background-enabled":"default","ast-page-background-meta":{"desktop":{"background-color":"","background-image":"","background-repeat":"repeat","background-position":"center center","background-size":"auto","background-attachment":"scroll","background-type":"","background-media":"","overlay-type":"","overlay-color":"","overlay-opacity":"","overlay-gradient":""},"tablet":{"background-color":"","background-image":"","background-repeat":"repeat","background-position":"center center","background-size":"auto","background-attachment":"scroll","background-type":"","background-media":"","overlay-type":"","overlay-color":"","overlay-opacity":"","overlay-gradient":""},"mobile":{"background-color":"","background-image":"","background-repeat":"repeat","background-position":"center center","background-size":"auto","background-attachment":"scroll","background-type":"","background-media":"","overlay-type":"","overlay-color":"","overlay-opacity":"","overlay-gradient":""}},"ast-content-background-meta":{"desktop":{"background-color":"var(--ast-global-color-5)","background-image":"","background-repeat":"repeat","background-position":"center center","background-size":"auto","background-attachment":"scroll","background-type":"","background-media":"","overlay-type":"","overlay-color":"","overlay-opacity":"","overlay-gradient":""},"tablet":{"background-color":"var(--ast-global-color-5)","background-image":"","background-repeat":"repeat","background-position":"center center","background-size":"auto","background-attachment":"scroll","background-type":"","background-media":"","overlay-type":"","overlay-color":"","overlay-opacity":"","overlay-gradient":""},"mobile":{"background-color":"var(--ast-global-color-5)","background-image":"","background-repeat":"repeat","background-position":"center center","background-size":"auto","background-attachment":"scroll","background-type":"","background-media":"","overlay-type":"","overlay-color":"","overlay-opacity":"","overlay-gradient":""}},"footnotes":""},"class_list":["post-612","page","type-page","status-publish","hentry"],"aioseo_notices":[],"_links":{"self":[{"href":"https:\/\/xn--ernhrung-schmid-2kb.de\/index.php?rest_route=\/wp\/v2\/pages\/612","targetHints":{"allow":["GET"]}}],"collection":[{"href":"https:\/\/xn--ernhrung-schmid-2kb.de\/index.php?rest_route=\/wp\/v2\/pages"}],"about":[{"href":"https:\/\/xn--ernhrung-schmid-2kb.de\/index.php?rest_route=\/wp\/v2\/types\/page"}],"author":[{"embeddable":true,"href":"https:\/\/xn--ernhrung-schmid-2kb.de\/index.php?rest_route=\/wp\/v2\/users\/1"}],"replies":[{"embeddable":true,"href":"https:\/\/xn--ernhrung-schmid-2kb.de\/index.php?rest_route=%2Fwp%2Fv2%2Fcomments&post=612"}],"version-history":[{"count":10,"href":"https:\/\/xn--ernhrung-schmid-2kb.de\/index.php?rest_route=\/wp\/v2\/pages\/612\/revisions"}],"predecessor-version":[{"id":925,"href":"https:\/\/xn--ernhrung-schmid-2kb.de\/index.php?rest_route=\/wp\/v2\/pages\/612\/revisions\/925"}],"wp:attachment":[{"href":"https:\/\/xn--ernhrung-schmid-2kb.de\/index.php?rest_route=%2Fwp%2Fv2%2Fmedia&parent=612"}],"curies":[{"name":"wp","href":"https:\/\/api.w.org\/{rel}","templated":true}]}}