{"id":617,"date":"2021-12-13T03:33:00","date_gmt":"2021-12-13T02:33:00","guid":{"rendered":"http:\/\/xn--ernhrung-schmid-2kb.de\/?page_id=617"},"modified":"2022-11-13T17:36:41","modified_gmt":"2022-11-13T16:36:41","slug":"contact","status":"publish","type":"page","link":"https:\/\/xn--ernhrung-schmid-2kb.de\/?page_id=617","title":{"rendered":"Kontakt"},"content":{"rendered":"\n<div style=\"height:100px\" aria-hidden=\"true\" class=\"wp-block-spacer\"><\/div>\n\n\n\n<div class=\"inherit-container-width wp-block-group alignwide is-layout-constrained wp-block-group-is-layout-constrained\"><div class=\"wp-block-group__inner-container\">\n<div class=\"wp-block-columns alignwide are-vertically-aligned-center is-layout-flex wp-container-core-columns-is-layout-28f84493 wp-block-columns-is-layout-flex\">\n<div class=\"wp-block-column is-vertically-aligned-center is-layout-flow wp-block-column-is-layout-flow\">\n<h1 class=\"has-ast-global-color-2-color has-ast-global-color-1-color has-text-color wp-block-heading\" style=\"font-size:45px\">Kontakt<\/h1>\n<\/div>\n\n\n\n<div class=\"wp-block-column is-vertically-aligned-center is-layout-flow wp-block-column-is-layout-flow\">\n<hr class=\"wp-block-separator aligncenter has-text-color has-ast-global-color-1-color has-alpha-channel-opacity has-ast-global-color-1-background-color has-background is-style-wide\"\/>\n\n\n\n<p class=\"has-ast-global-color-6-color has-text-color has-normal-font-size\">Kontaktieren Sie mich gerne per Mail oder \u00fcber das Kontaktformular. Wenn Sie einen R\u00fcckruf w\u00fcnschen, geben Sie bitte Ihre gew\u00fcnschte Telefonnummer an.<\/p>\n<\/div>\n<\/div>\n<\/div><\/div>\n\n\n\n<div class=\"inherit-container-width wp-block-group alignfull has-ast-global-color-5-background-color has-u-002-du-002-dast-global-color-5-background-color has-background is-layout-constrained wp-block-group-is-layout-constrained\"><div class=\"wp-block-group__inner-container\">\n<div class=\"wp-block-columns alignwide are-vertically-aligned-center is-layout-flex wp-container-core-columns-is-layout-28f84493 wp-block-columns-is-layout-flex\">\n<div class=\"wp-block-column is-vertically-aligned-center is-layout-flow wp-block-column-is-layout-flow\" style=\"flex-basis:33.33%\">\n<p class=\"has-text-align-center\"><strong>Ich freue mich von Ihnen zu h\u00f6ren!<\/strong><\/p>\n\n\n\n<figure class=\"wp-block-image size-full is-resized is-style-rounded\"><img loading=\"lazy\" decoding=\"async\" src=\"https:\/\/xn--ernhrung-schmid-2kb.de\/wp-content\/uploads\/2022\/11\/Firmen-Logo.jpg\" alt=\"\" class=\"wp-image-769\" width=\"338\" height=\"314\" srcset=\"https:\/\/xn--ernhrung-schmid-2kb.de\/wp-content\/uploads\/2022\/11\/Firmen-Logo.jpg 368w, https:\/\/xn--ernhrung-schmid-2kb.de\/wp-content\/uploads\/2022\/11\/Firmen-Logo-300x279.jpg 300w\" sizes=\"auto, (max-width: 338px) 100vw, 338px\" \/><\/figure>\n<\/div>\n\n\n\n<div class=\"wp-block-column is-vertically-aligned-center is-layout-flow wp-block-column-is-layout-flow\" style=\"flex-basis:66.66%\">\n<div class=\"inherit-container-width wp-block-group has-ast-global-color-3-color has-u-002-du-002-dast-global-color-3-color has-text-color has-background is-layout-constrained wp-block-group-is-layout-constrained\" style=\"background-color:#ffffff\"><div class=\"wp-block-group__inner-container\">\n<div class=\"wp-block-columns is-layout-flex wp-container-core-columns-is-layout-28f84493 wp-block-columns-is-layout-flex\">\n<div class=\"wp-block-column is-layout-flow wp-block-column-is-layout-flow\" style=\"flex-basis:100%\">\n<div class=\"inherit-container-width wp-block-group is-layout-constrained wp-block-group-is-layout-constrained\"><div class=\"wp-block-group__inner-container\"><div class=\"wpforms-container wpforms-block\" id=\"wpforms-4\"><form id=\"wpforms-form-4\" class=\"wpforms-validate wpforms-form\" data-formid=\"4\" method=\"post\" enctype=\"multipart\/form-data\" action=\"\/index.php?rest_route=%2Fwp%2Fv2%2Fpages%2F617\" data-token=\"77e7721378e6bc0065fed27fc1511bc4\" data-token-time=\"1778501857\"><noscript class=\"wpforms-error-noscript\">Bitte aktiviere JavaScript in deinem Browser, um dieses Formular fertigzustellen.<\/noscript><div class=\"wpforms-field-container\"><div id=\"wpforms-4-field_1-container\" class=\"wpforms-field wpforms-field-name\" data-field-id=\"1\"><label class=\"wpforms-field-label\">Name <span class=\"wpforms-required-label\">*<\/span><\/label><div class=\"wpforms-field-row wpforms-field-large\"><div class=\"wpforms-field-row-block wpforms-first wpforms-one-half\"><input type=\"text\" id=\"wpforms-4-field_1\" class=\"wpforms-field-name-first wpforms-field-required\" name=\"wpforms[fields][1][first]\" required><label for=\"wpforms-4-field_1\" class=\"wpforms-field-sublabel after\">Vorname<\/label><\/div><div class=\"wpforms-field-row-block wpforms-one-half\"><input type=\"text\" id=\"wpforms-4-field_1-last\" class=\"wpforms-field-name-last wpforms-field-required\" name=\"wpforms[fields][1][last]\" required><label for=\"wpforms-4-field_1-last\" class=\"wpforms-field-sublabel after\">Nachname<\/label><\/div><\/div><\/div><div id=\"wpforms-4-field_2-container\" class=\"wpforms-field wpforms-field-email\" data-field-id=\"2\"><label class=\"wpforms-field-label\" for=\"wpforms-4-field_2\">E-Mail <span class=\"wpforms-required-label\">*<\/span><\/label><input type=\"email\" id=\"wpforms-4-field_2\" class=\"wpforms-field-large wpforms-field-required\" name=\"wpforms[fields][2]\" spellcheck=\"false\" required><\/div><div id=\"wpforms-4-field_5-container\" class=\"wpforms-field wpforms-field-number\" data-field-id=\"5\"><label class=\"wpforms-field-label\" for=\"wpforms-4-field_5\">Telefonnummer<\/label><input type=\"number\" id=\"wpforms-4-field_5\" class=\"wpforms-field-medium\" name=\"wpforms[fields][5]\" step=\"any\" ><div class=\"wpforms-field-description\">optional<\/div><\/div><div id=\"wpforms-4-field_7-container\" class=\"wpforms-field wpforms-field-radio\" data-field-id=\"7\"><label class=\"wpforms-field-label\">Erreichbarkeit<\/label><ul id=\"wpforms-4-field_7\"><li class=\"choice-1 depth-1\"><input type=\"radio\" id=\"wpforms-4-field_7_1\" name=\"wpforms[fields][7]\" value=\"8.00 - 12.00 Uhr\"  ><label class=\"wpforms-field-label-inline\" for=\"wpforms-4-field_7_1\">8.00 &#8211; 12.00 Uhr<\/label><\/li><li class=\"choice-2 depth-1\"><input type=\"radio\" id=\"wpforms-4-field_7_2\" name=\"wpforms[fields][7]\" value=\"12.00 - 17.00 Uhr\"  ><label class=\"wpforms-field-label-inline\" for=\"wpforms-4-field_7_2\">12.00 &#8211; 17.00 Uhr<\/label><\/li><li class=\"choice-3 depth-1\"><input type=\"radio\" id=\"wpforms-4-field_7_3\" name=\"wpforms[fields][7]\" value=\"17.00 - 20.00 Uhr\"  ><label class=\"wpforms-field-label-inline\" for=\"wpforms-4-field_7_3\">17.00 &#8211; 20.00 Uhr<\/label><\/li><\/ul><div class=\"wpforms-field-description\">optional<\/div><\/div><div id=\"wpforms-4-field_3-container\" class=\"wpforms-field wpforms-field-textarea\" data-field-id=\"3\"><label class=\"wpforms-field-label\" for=\"wpforms-4-field_3\">Nachricht <span class=\"wpforms-required-label\">*<\/span><\/label><textarea id=\"wpforms-4-field_3\" class=\"wpforms-field-medium wpforms-field-required\" name=\"wpforms[fields][3]\" required><\/textarea><\/div><\/div><!-- .wpforms-field-container --><div class=\"wpforms-submit-container\" ><input type=\"hidden\" name=\"wpforms[id]\" value=\"4\"><input type=\"hidden\" name=\"page_title\" value=\"\"><input type=\"hidden\" name=\"page_url\" value=\"https:\/\/xn--ernhrung-schmid-2kb.de\/index.php?rest_route=\/wp\/v2\/pages\/617\"><input type=\"hidden\" name=\"url_referer\" value=\"\"><button type=\"submit\" name=\"wpforms[submit]\" id=\"wpforms-submit-4\" class=\"wpforms-submit\" data-alt-text=\"Wird gesendet...\" data-submit-text=\"Senden\" aria-live=\"assertive\" value=\"wpforms-submit\">Senden<\/button><\/div><\/form><\/div>  <!-- .wpforms-container --><\/div><\/div>\n<\/div>\n<\/div>\n<\/div><\/div>\n<\/div>\n<\/div>\n<\/div><\/div>\n\n\n\n<div class=\"wp-block-columns is-layout-flex wp-container-core-columns-is-layout-28f84493 wp-block-columns-is-layout-flex\">\n<div class=\"wp-block-column is-vertically-aligned-center is-layout-flow wp-block-column-is-layout-flow\" style=\"padding-top:var(--wp--preset--spacing--20);padding-right:var(--wp--preset--spacing--20);padding-bottom:var(--wp--preset--spacing--20);padding-left:var(--wp--preset--spacing--20)\">\n<figure class=\"wp-block-image aligncenter size-large\"><img loading=\"lazy\" decoding=\"async\" width=\"20\" height=\"20\" src=\"https:\/\/xn--ernhrung-schmid-2kb.de\/wp-content\/uploads\/2021\/06\/phone.png\" alt=\"\" class=\"wp-image-624\"\/><\/figure>\n\n\n\n<h4 class=\"has-text-align-center wp-block-heading\">0176\/57666413<\/h4>\n\n\n\n<p class=\"has-text-align-center\"><strong>Mobil<\/strong><\/p>\n<\/div>\n\n\n\n<div class=\"wp-block-column is-vertically-aligned-bottom is-layout-flow wp-block-column-is-layout-flow\" style=\"padding-top:var(--wp--preset--spacing--20);padding-right:var(--wp--preset--spacing--20);padding-bottom:var(--wp--preset--spacing--20);padding-left:var(--wp--preset--spacing--20)\">\n<figure class=\"wp-block-image aligncenter size-large\"><img loading=\"lazy\" decoding=\"async\" width=\"20\" height=\"20\" src=\"https:\/\/xn--ernhrung-schmid-2kb.de\/wp-content\/uploads\/2021\/06\/map.png\" alt=\"\" class=\"wp-image-625\"\/><\/figure>\n\n\n\n<h4 class=\"has-text-align-center wp-block-heading\">Hoheneckstr. 57 <br>81243 M\u00fcnchen<\/h4>\n\n\n\n<p class=\"has-text-align-center\"><strong>Postadresse<\/strong><\/p>\n<\/div>\n\n\n\n<div class=\"wp-block-column is-vertically-aligned-top is-layout-flow wp-block-column-is-layout-flow\" style=\"padding-top:var(--wp--preset--spacing--20);padding-right:var(--wp--preset--spacing--20);padding-bottom:var(--wp--preset--spacing--20);padding-left:var(--wp--preset--spacing--20)\">\n<figure class=\"wp-block-image aligncenter size-full\"><img loading=\"lazy\" decoding=\"async\" width=\"20\" height=\"20\" src=\"https:\/\/xn--ernhrung-schmid-2kb.de\/wp-content\/uploads\/2021\/06\/envelope.png\" alt=\"\" class=\"wp-image-626\"\/><\/figure>\n\n\n\n<h4 class=\"has-text-align-center wp-block-heading\">ernaehrungstherapie.schmid<br>@gmail.com<\/h4>\n\n\n\n<p class=\"has-text-align-center\"><strong>E-Mail<\/strong><\/p>\n<\/div>\n<\/div>\n","protected":false},"excerpt":{"rendered":"<p>Kontakt Kontaktieren Sie mich gerne per Mail oder \u00fcber das Kontaktformular. Wenn Sie einen R\u00fcckruf w\u00fcnschen, geben Sie bitte Ihre gew\u00fcnschte Telefonnummer an. Ich freue mich von Ihnen zu h\u00f6ren! 0176\/57666413 Mobil Hoheneckstr. 57 81243 M\u00fcnchen Postadresse &#x65;r&#x6e;&#97;&#x65;&#x68;r&#x75;&#110;&#x67;&#x73;t&#x68;&#101;&#x72;&#x61;p&#x69;&#101;&#x2e;&#x73;c&#x68;&#109;&#x69;&#x64;&#64;&#x67;&#109;&#x61;&#x69;l&#x2e;&#99;&#x6f;&#x6d; E-Mail<\/p>\n","protected":false},"author":1,"featured_media":0,"parent":0,"menu_order":0,"comment_status":"closed","ping_status":"closed","template":"","meta":{"_monsterinsights_skip_tracking":false,"_monsterinsights_sitenote_active":false,"_monsterinsights_sitenote_note":"","_monsterinsights_sitenote_category":0,"site-sidebar-layout":"no-sidebar","site-content-layout":"plain-container","ast-site-content-layout":"default","site-content-style":"default","site-sidebar-style":"default","ast-global-header-display":"","ast-banner-title-visibility":"","ast-main-header-display":"","ast-hfb-above-header-display":"","ast-hfb-below-header-display":"","ast-hfb-mobile-header-display":"","site-post-title":"disabled","ast-breadcrumbs-content":"disabled","ast-featured-img":"disabled","footer-sml-layout":"","ast-disable-related-posts":"","theme-transparent-header-meta":"enabled","adv-header-id-meta":"","stick-header-meta":"","header-above-stick-meta":"","header-main-stick-meta":"","header-below-stick-meta":"","astra-migrate-meta-layouts":"default","ast-page-background-enabled":"default","ast-page-background-meta":{"desktop":{"background-color":"","background-image":"","background-repeat":"repeat","background-position":"center center","background-size":"auto","background-attachment":"scroll","background-type":"","background-media":"","overlay-type":"","overlay-color":"","overlay-opacity":"","overlay-gradient":""},"tablet":{"background-color":"","background-image":"","background-repeat":"repeat","background-position":"center center","background-size":"auto","background-attachment":"scroll","background-type":"","background-media":"","overlay-type":"","overlay-color":"","overlay-opacity":"","overlay-gradient":""},"mobile":{"background-color":"","background-image":"","background-repeat":"repeat","background-position":"center center","background-size":"auto","background-attachment":"scroll","background-type":"","background-media":"","overlay-type":"","overlay-color":"","overlay-opacity":"","overlay-gradient":""}},"ast-content-background-meta":{"desktop":{"background-color":"var(--ast-global-color-5)","background-image":"","background-repeat":"repeat","background-position":"center center","background-size":"auto","background-attachment":"scroll","background-type":"","background-media":"","overlay-type":"","overlay-color":"","overlay-opacity":"","overlay-gradient":""},"tablet":{"background-color":"var(--ast-global-color-5)","background-image":"","background-repeat":"repeat","background-position":"center center","background-size":"auto","background-attachment":"scroll","background-type":"","background-media":"","overlay-type":"","overlay-color":"","overlay-opacity":"","overlay-gradient":""},"mobile":{"background-color":"var(--ast-global-color-5)","background-image":"","background-repeat":"repeat","background-position":"center center","background-size":"auto","background-attachment":"scroll","background-type":"","background-media":"","overlay-type":"","overlay-color":"","overlay-opacity":"","overlay-gradient":""}},"footnotes":""},"class_list":["post-617","page","type-page","status-publish","hentry"],"aioseo_notices":[],"_links":{"self":[{"href":"https:\/\/xn--ernhrung-schmid-2kb.de\/index.php?rest_route=\/wp\/v2\/pages\/617","targetHints":{"allow":["GET"]}}],"collection":[{"href":"https:\/\/xn--ernhrung-schmid-2kb.de\/index.php?rest_route=\/wp\/v2\/pages"}],"about":[{"href":"https:\/\/xn--ernhrung-schmid-2kb.de\/index.php?rest_route=\/wp\/v2\/types\/page"}],"author":[{"embeddable":true,"href":"https:\/\/xn--ernhrung-schmid-2kb.de\/index.php?rest_route=\/wp\/v2\/users\/1"}],"replies":[{"embeddable":true,"href":"https:\/\/xn--ernhrung-schmid-2kb.de\/index.php?rest_route=%2Fwp%2Fv2%2Fcomments&post=617"}],"version-history":[{"count":73,"href":"https:\/\/xn--ernhrung-schmid-2kb.de\/index.php?rest_route=\/wp\/v2\/pages\/617\/revisions"}],"predecessor-version":[{"id":887,"href":"https:\/\/xn--ernhrung-schmid-2kb.de\/index.php?rest_route=\/wp\/v2\/pages\/617\/revisions\/887"}],"wp:attachment":[{"href":"https:\/\/xn--ernhrung-schmid-2kb.de\/index.php?rest_route=%2Fwp%2Fv2%2Fmedia&parent=617"}],"curies":[{"name":"wp","href":"https:\/\/api.w.org\/{rel}","templated":true}]}}